{"id":813,"date":"2017-06-21T03:36:21","date_gmt":"2017-06-21T03:36:21","guid":{"rendered":"http:\/\/localhost\/construct\/?page_id=813"},"modified":"2025-09-24T19:11:22","modified_gmt":"2025-09-24T16:11:22","slug":"anasayfa","status":"publish","type":"page","link":"https:\/\/panmakine.com.tr\/ar\/","title":{"rendered":"\u0627\u0644\u0635\u0641\u062d\u0629 \u0627\u0644\u0631\u0626\u064a\u0633\u064a\u0629"},"content":{"rendered":"<p>[vc_row fullwidth=&#8221;yes&#8221;][vc_column][vc_raw_html css=&#8221;.vc_custom_1758730282395{margin-top: 50px !important;margin-right: 0px !important;margin-bottom: -20px !important;margin-left: 0px !important;border-top-width: 0px !important;border-right-width: 0px !important;border-bottom-width: 0px !important;border-left-width: 0px !important;padding-top: 0px !important;padding-right: 0px !important;padding-bottom: 0px !important;padding-left: 0px !important;}&#8221;]JTNDdmlkZW8lMjB3aWR0aCUzRCUyMjEwMCUyNSUyMiUyMGhlaWdodCUzRCUyMmF1dG8lMjIlMjBwbGF5c2lubGluZSUyMG11dGUlMjBsb29wJTIwYXV0b3BsYXklMjBtdXRlZCUyMCUzRSUwQSUyMCUyMCUzQ3NvdXJjZSUyMHNyYyUzRCUyMmh0dHBzJTNBJTJGJTJGcGFubWFraW5lLmNvbS50ciUyRndwLWNvbnRlbnQlMkZ1cGxvYWRzJTJGMjAyMiUyRjAzJTJGcGFuLW1ha2luZS12aWRlby5tcDQlMjIlMjB0eXBlJTNEJTIydmlkZW8lMkZtcDQlMjIlM0UlMEElM0MlMkZ2aWRlbyUzRQ==[\/vc_raw_html][\/vc_column][\/vc_row][vc_row el_class=&#8221;top&#8211;50&#8243;][vc_column width=&#8221;1\/4&#8243; offset=&#8221;vc_hidden-sm vc_hidden-xs&#8221;]\n\t<div class=\"wprt-content-box style-1\">\n\t    <div class=\"wprt-icon-box icon-effect-2 icon-left\">\n\t        <div class=\"icon-wrap\">\n\t            <span class=\"dd-icon fa fa-truck \"><\/span>\n\t        <\/div>\n\t        <div class=\"content-wrap\">\n\t            <h3 class=\"dd-title text-white font-size-19\"><a href=\"https:\/\/panmakine.com\/ar\/lkhdm-t-lfny\/\">\u0627\u0644\u062e\u062f\u0645\u0627\u062a \u0627\u0644\u0641\u0646\u064a\u0629<\/a><\/h3>\n\t            <div class=\"dd-link\"><a href=\"https:\/\/panmakine.com\/ar\/lkhdm-t-lfny\/\">\u0627\u0643\u062b\u0631<\/a><\/div>\t        <\/div>\n\t    <\/div>\n    <\/div>\n\n[\/vc_column][vc_column width=&#8221;1\/4&#8243; offset=&#8221;vc_hidden-sm vc_hidden-xs&#8221;]\n\t<div class=\"wprt-content-box style-1\">\n\t    <div class=\"wprt-icon-box icon-effect-2 icon-left\">\n\t        <div class=\"icon-wrap\">\n\t            <span class=\"dd-icon fa fa-wrench \"><\/span>\n\t        <\/div>\n\t        <div class=\"content-wrap\">\n\t            <h3 class=\"dd-title text-white font-size-19\"><a href=\"https:\/\/panmakine.com\/ar\/lkhdm-t-lfny-2\/\">\u0627\u0644\u0635\u064a\u0627\u0646\u0629 \u0648\u0627\u0644\u0625\u0635\u0644\u0627\u062d<\/a><\/h3>\n\t            <div class=\"dd-link\"><a href=\"https:\/\/panmakine.com\/ar\/lkhdm-t-lfny-2\/\">\u0627\u0643\u062b\u0631<\/a><\/div>\t        <\/div>\n\t    <\/div>\n    <\/div>\n\n[\/vc_column][vc_column width=&#8221;1\/4&#8243; offset=&#8221;vc_hidden-sm vc_hidden-xs&#8221;]\n\t<div class=\"wprt-content-box style-1\">\n\t    <div class=\"wprt-icon-box icon-effect-2 icon-left\">\n\t        <div class=\"icon-wrap\">\n\t            <span class=\"dd-icon fa fa-microchip \"><\/span>\n\t        <\/div>\n\t        <div class=\"content-wrap\">\n\t            <h3 class=\"dd-title text-white font-size-19\"><a href=\"https:\/\/panmakine.com\/ar\/ktaa-ghy-r-7-24\/\">\u0642\u0637\u0639 \u063a\u064a\u0627\u0631 7\/24<\/a><\/h3>\n\t            <div class=\"dd-link\"><a href=\"https:\/\/panmakine.com\/ar\/ktaa-ghy-r-7-24\/\">\u0627\u0643\u062b\u0631<\/a><\/div>\t        <\/div>\n\t    <\/div>\n    <\/div>\n\n[\/vc_column][vc_column width=&#8221;1\/4&#8243; offset=&#8221;vc_hidden-sm vc_hidden-xs&#8221;]\n\t<div class=\"wprt-content-box style-1\">\n\t    <div class=\"wprt-icon-box icon-effect-2 icon-left\">\n\t        <div class=\"icon-wrap\">\n\t            <span class=\"dd-icon fa fa-check \"><\/span>\n\t        <\/div>\n\t        <div class=\"content-wrap\">\n\t            <h3 class=\"dd-title text-white font-size-19\"><a href=\"https:\/\/panmakine.com\/ar\/khdm-ldm-n\/\">\u062e\u062f\u0645\u0629 \u0627\u0644\u0636\u0645\u0627\u0646<\/a><\/h3>\n\t            <div class=\"dd-link\"><a href=\"https:\/\/panmakine.com\/ar\/khdm-ldm-n\/\">\u0627\u0643\u062b\u0631<\/a><\/div>\t        <\/div>\n\t    <\/div>\n    <\/div>\n\n[\/vc_column][\/vc_row][vc_row css=&#8221;.vc_custom_1601455560156{padding-top: 10px !important;background-color: #ffffff !important;}&#8221; el_id=&#8221;next-section&#8221;][vc_column width=&#8221;1\/2&#8243;]\n    <h1 class=\"text-left\" >Shrink Makinesi ve Ambalaj Paketleme Makineleri<\/h1>\n    \t    <div class=\"wprt-lines style-1 custom-3\">\n\t        <div class=\"line-1\"><\/div>\n\t    <\/div>\n    \n        \t\n[vc_empty_space height=&#8221;15px&#8221;][vc_column_text]\u0646\u0646\u062a\u062c \u0645\u0627\u0643\u064a\u0646\u0627\u062a \u064a\u062a\u062d\u062f\u062b \u0627\u0644\u062c\u0645\u064a\u0639 \u0639\u0646 \u062c\u0648\u062f\u062a\u0647\u0627 \u0641\u064a \u0645\u062c\u0627\u0644 \u0627\u0644\u062a\u063a\u0644\u064a\u0641\u060c \u0648\u0646\u0642\u062f\u0645 \u062e\u062f\u0645\u0629 \u0641\u0646\u064a\u0629 \u0645\u0646 \u062e\u0644\u0627\u0644 \u0641\u0631\u064a\u0642 \u0630\u0648 \u062e\u0628\u0631\u0629.<\/p>\n<div>\u062a\u0639\u062a\u0628\u0631 \u0639\u0644\u0627\u0645\u0629 \u062a\u062c\u0627\u0631\u064a\u0629 \u0645\u0641\u0636\u0644\u0629 \u0639\u0627\u0644\u064a\u0629 \u0627\u0644\u062c\u0648\u062f\u0629 \u0641\u064a \u0625\u0646\u062a\u0627\u062c \u0645\u0627\u0643\u064a\u0646\u0627\u062a \u062a\u0639\u0628\u0626\u0629 \u0627\u0644\u0634\u0631\u064a\u0646\u0643 \u0634\u0628\u0647 \u0627\u0644\u0623\u0648\u062a\u0648\u0645\u0627\u062a\u064a\u0643\u064a\u0629\u060c \u0648\u062e\u0627\u0635\u0629 \u0645\u0627\u0643\u064a\u0646\u0627\u062a \u0627\u0644\u0634\u0631\u064a\u0646\u0643 \u0627\u0644\u0623\u0648\u062a\u0648\u0645\u0627\u062a\u064a\u0643\u064a\u0629\u060c \u0641\u064a \u0642\u0637\u0627\u0639\u0627\u062a \u0627\u0644\u0623\u063a\u0630\u064a\u0629 \u0648\u0645\u0633\u062a\u062d\u0636\u0631\u0627\u062a \u0627\u0644\u062a\u062c\u0645\u064a\u0644 \u0648\u0627\u0644\u0645\u0646\u0633\u0648\u062c\u0627\u062a \u0648\u0627\u0644\u0623\u062b\u0627\u062b \u0648\u0627\u0644\u0642\u0637\u0627\u0639\u0627\u062a \u0627\u0644\u0645\u0645\u0627\u062b\u0644\u0629.<\/div>\n<div>\u0625\u0646\u0647\u0627 \u0627\u0644\u0634\u0631\u0643\u0629 \u0627\u0644\u0631\u0627\u0626\u062f\u0629 \u0641\u064a \u0627\u0644\u0642\u0637\u0627\u0639 \u0645\u0646 \u062d\u064a\u062b\u00a0 \u0627\u0644\u0645\u0638\u0647\u0631 \u0648\u0627\u0644\u062c\u0648\u062f\u0629 \u0645\u0639 \u062a\u0635\u0645\u064a\u0645\u0627\u062a\u0647\u0627 \u0627\u0644\u062c\u062f\u064a\u062f\u0629 \u0641\u064a \u0645\u0627\u0643\u064a\u0646\u0629 \u062a\u063a\u0644\u064a\u0641 \u0627\u0644\u0634\u0631\u064a\u0646\u0643 \u0627\u0644\u0623\u0648\u062a\u0648\u0645\u0627\u062a\u064a\u0643\u064a\u0629.<\/div>\n<div>\n<p>\u0628\u0641\u0636\u0644 \u062a\u0635\u0645\u064a\u0645\u0647\u0627 \u0641\u064a \u0645\u0627\u0643\u064a\u0646\u0627\u062a \u0627\u0644\u0634\u0631\u064a\u0646\u0643 \u0646\u0635\u0641 \u0627\u0644\u0623\u0648\u062a\u0648\u0645\u0627\u062a\u064a\u0643\u064a\u0629\u060c \u0641\u0642\u062f \u0634\u0642\u062a \u0637\u0631\u064a\u0642\u064b\u0627 \u062c\u062f\u064a\u062f\u064b\u0627 \u0641\u064a \u0645\u062c\u0627\u0644 \u0645\u0627\u0643\u064a\u0646\u0627\u062a \u0627\u0644\u0634\u0631\u064a\u0646\u0643 \u0646\u0635\u0641 \u0627\u0644\u0623\u0648\u062a\u0648\u0645\u0627\u062a\u064a\u0643\u064a\u0629 \u0628\u0641\u0636\u0644 \u0645\u064a\u0632\u062a\u0647\u0627 \u0627\u0644\u062a\u064a \u064a\u0645\u0643\u0646 \u0623\u0646 \u062a\u062a\u062d\u0648\u0644 \u0625\u0644\u0649 \u0645\u0627\u0643\u064a\u0646\u0629 \u0634\u0631\u064a\u0646\u0643 \u0623\u0648\u062a\u0648\u0645\u0627\u062a\u064a\u0643\u064a\u0629.[\/vc_column_text][\/vc_column][vc_column width=&#8221;1\/2&#8243; el_class=&#8221;neden-biz-img&#8221;][vc_single_image image=&#8221;1418&#8243; img_size=&#8221;370&#215;370&#8243; alignment=&#8221;right&#8221;][\/vc_column][\/vc_row][vc_row css=&#8221;.vc_custom_1601471877176{padding-top: 0px !important;padding-bottom: 40px !important;}&#8221;][vc_column]\n    <h2 class=\"text-left\" >\u0627\u0644\u0645\u0631\u0627\u062c\u0639<\/h2>\n    \t    <div class=\"wprt-lines style-1 custom-3\">\n\t        <div class=\"line-1\"><\/div>\n\t    <\/div>\n    \n        \t\n\n\t\t\n        <div class=\"wprt-partners\">\n\t        <div id=\"partner-69eb2d5213aa0\" class=\"owl-carousel\">\n\t        \t\t\t\t\t<div class=\"partner\">\n\t\t\t\t\t\t            \t\t<img src=\"https:\/\/panmakine.com.tr\/wp-content\/uploads\/2019\/07\/kemal-kukrer-logo.jpg\" alt=\"\">\n\t            \t\t\t\t\t<\/div>\n\t\t\t\t\t\t\t\t<div class=\"partner\">\n\t\t\t\t\t\t            \t\t<img src=\"https:\/\/panmakine.com.tr\/wp-content\/uploads\/2020\/10\/sek-logo.jpg\" alt=\"\">\n\t            \t\t\t\t\t<\/div>\n\t\t\t\t\t\t\t\t<div class=\"partner\">\n\t\t\t\t\t\t            \t\t<img src=\"https:\/\/panmakine.com.tr\/wp-content\/uploads\/2019\/07\/yontem.jpg\" alt=\"\">\n\t            \t\t\t\t\t<\/div>\n\t\t\t\t\t\t\t\t<div class=\"partner\">\n\t\t\t\t\t\t            \t\t<img src=\"https:\/\/panmakine.com.tr\/wp-content\/uploads\/2019\/07\/bmet.jpg\" alt=\"\">\n\t            \t\t\t\t\t<\/div>\n\t\t\t\t\t\t\t\t<div class=\"partner\">\n\t\t\t\t\t\t            \t\t<img src=\"https:\/\/panmakine.com.tr\/wp-content\/uploads\/2020\/10\/besler-logo.jpg\" alt=\"\">\n\t            \t\t\t\t\t<\/div>\n\t\t\t\t\t\t\t\t<div class=\"partner\">\n\t\t\t\t\t\t            \t\t<img src=\"https:\/\/panmakine.com.tr\/wp-content\/uploads\/2020\/10\/yenigun-logo.jpg\" alt=\"\">\n\t            \t\t\t\t\t<\/div>\n\t\t\t\t\t\t\t\t<div class=\"partner\">\n\t\t\t\t\t\t            \t\t<img src=\"https:\/\/panmakine.com.tr\/wp-content\/uploads\/2020\/10\/kukrer-logo.jpg\" alt=\"\">\n\t            \t\t\t\t\t<\/div>\n\t\t\t\t\t\t\t\t<div class=\"partner\">\n\t\t\t\t\t\t            \t\t<img src=\"https:\/\/panmakine.com.tr\/wp-content\/uploads\/2020\/10\/goldagi-logo.jpg\" alt=\"\">\n\t            \t\t\t\t\t<\/div>\n\t\t\t\t\t\t\t\t<div class=\"partner\">\n\t\t\t\t\t\t            \t\t<img src=\"https:\/\/panmakine.com.tr\/wp-content\/uploads\/2020\/10\/fil-logo.jpg\" alt=\"\">\n\t            \t\t\t\t\t<\/div>\n\t\t\t\t\t\t\t\t<div class=\"partner\">\n\t\t\t\t\t\t            \t\t<img src=\"https:\/\/panmakine.com.tr\/wp-content\/uploads\/2020\/10\/kasab-kablo-logo.jpg\" alt=\"\">\n\t            \t\t\t\t\t<\/div>\n\t\t\t\t\t\t\t\t<div class=\"partner\">\n\t\t\t\t\t\t            \t\t<img src=\"https:\/\/panmakine.com.tr\/wp-content\/uploads\/2020\/10\/kestane-logo.jpg\" alt=\"\">\n\t            \t\t\t\t\t<\/div>\n\t\t\t\t\t\t\t<\/div>\n\t\t<\/div>\n\t\t<script>\n\t\t\t(function($) { \"use strict\";\t\n\n\t\t\t\t$( \"#partner-69eb2d5213aa0\" ).owlCarousel({\n    \t\t\t\tautoplay: true,\n\t            \tautoplayTimeout: 6000,\n\t\t            items : 6,\n\t\t            responsiveClass:true,\n\t\t            navigation : false,\n\t\t            pagination : false,\n\t\t            navigationText: [\"\",\"\"],\n\t\t            responsive : {\n\t\t\t            \/\/ breakpoint from 0 up\n\t\t\t            0 : {\n\t\t\t               items:1,\n\t\t\t            },\n\t\t\t            \/\/ breakpoint from 480 up\n\t\t\t            480 : {\n\t\t\t               items:1,\n\t\t\t            },\n\t\t\t            \/\/ breakpoint from 768 up\n\t\t\t            768 : {\n\t\t\t                items:3,\n\t\t\t            },\n\t\t\t            992 : {\n\t\t\t                items:3,\n\t\t\t            },\n\t\t\t            1440 : {\n\t\t\t                items:6 - 1,\n\t\t\t            },\n\t\t\t            1920 : {\n\t\t\t                items:6,\n\t\t\t            }\n\t\t\t        },\n\t\t            \n\t\t        }); \n\n\t\t\t})(jQuery); \n\t\t<\/script>\n\t\n[\/vc_column][\/vc_row][vc_row][vc_column][vc_raw_html]JTVCc3BfaHRtbDV2aWRlbyU1RA==[\/vc_raw_html][\/vc_column][\/vc_row][vc_row el_class=&#8221;bg-color&#8221; css=&#8221;.vc_custom_1498019702658{padding-top: 32px !important;padding-bottom: 32px !important;}&#8221;][vc_column]\n\t\t\t<div class=\"col-md-8\">\n\t        <div class=\"wprt-spacer\" data-desktop=\"8\" data-mobi=\"0\" data-smobi=\"0\"><\/div>\n\t        <h2 class=\"text-white text-center-mobile font-size-20 margin-bottom-0\">\u062f\u0639\u0648\u0646\u0627 \u0646\u062d\u062f\u062f \u0623\u0641\u0636\u0644 \u0622\u0644\u0629 \u062a\u0639\u0628\u0626\u0629 \u0644\u0627\u062d\u062a\u064a\u0627\u062c\u0627\u062a\u0643 \u0645\u0639\u064b\u0627<\/h2>\n\t        <div class=\"wprt-spacer\" data-desktop=\"0\" data-mobi=\"20\" data-smobi=\"20\"><\/div>\n\t    <\/div>\n\n\t    <div class=\"col-md-4\">\n\t        <div class=\"text-right text-center-mobile\">\n\t        \n\t        <a class=\"wprt-button white rounded-3px\" href=\"https:\/\/panmakine.com\/ar\/tsl\/\" target=\"_self\">\u0627\u062d\u0635\u0644 \u0639\u0644\u0649 \u0639\u0631\u0636<\/a>\t        <\/div>\n\t    <\/div>\n\t\n[\/vc_column][\/vc_row][vc_row][vc_column][vc_column_text]<\/p>\n<\/div>\n<p>[\/vc_column_text][\/vc_column][\/vc_row]<\/p>","protected":false},"excerpt":{"rendered":"<p>[vc_row fullwidth=&#8221;yes&#8221;][vc_column][vc_raw_html css=&#8221;.vc_custom_1758730282395{margin-top: 50px !important;margin-right: 0px !important;margin-bottom: -20px !important;margin-left: 0px !important;border-top-width: 0px !important;border-right-width: 0px !important;border-bottom-width: 0px !important;border-left-width: 0px !important;padding-top: 0px !important;padding-right: 0px !important;padding-bottom: 0px !important;padding-left: 0px !important;}&#8221;]JTNDdmlkZW8lMjB3aWR0aCUzRCUyMjEwMCUyNSUyMiUyMGhlaWdodCUzRCUyMmF1dG8lMjIlMjBwbGF5c2lubGluZSUyMG11dGUlMjBsb29wJTIwYXV0b3BsYXklMjBtdXRlZCUyMCUzRSUwQSUyMCUyMCUzQ3NvdXJjZSUyMHNyYyUzRCUyMmh0dHBzJTNBJTJGJTJGcGFubWFraW5lLmNvbS50ciUyRndwLWNvbnRlbnQlMkZ1cGxvYWRzJTJGMjAyMiUyRjAzJTJGcGFuLW1ha2luZS12aWRlby5tcDQlMjIlMjB0eXBlJTNEJTIydmlkZW8lMkZtcDQlMjIlM0UlMEElM0MlMkZ2aWRlbyUzRQ==[\/vc_raw_html][\/vc_column][\/vc_row][vc_row el_class=&#8221;top&#8211;50&#8243;][vc_column width=&#8221;1\/4&#8243; offset=&#8221;vc_hidden-sm vc_hidden-xs&#8221;][\/vc_column][vc_column width=&#8221;1\/4&#8243; offset=&#8221;vc_hidden-sm vc_hidden-xs&#8221;][\/vc_column][vc_column width=&#8221;1\/4&#8243; offset=&#8221;vc_hidden-sm vc_hidden-xs&#8221;][\/vc_column][vc_column width=&#8221;1\/4&#8243; offset=&#8221;vc_hidden-sm vc_hidden-xs&#8221;][\/vc_column][\/vc_row][vc_row css=&#8221;.vc_custom_1601455560156{padding-top: 10px !important;background-color: #ffffff !important;}&#8221; el_id=&#8221;next-section&#8221;][vc_column width=&#8221;1\/2&#8243;][vc_empty_space height=&#8221;15px&#8221;][vc_column_text]\u0646\u0646\u062a\u062c \u0645\u0627\u0643\u064a\u0646\u0627\u062a \u064a\u062a\u062d\u062f\u062b \u0627\u0644\u062c\u0645\u064a\u0639 \u0639\u0646 \u062c\u0648\u062f\u062a\u0647\u0627 \u0641\u064a \u0645\u062c\u0627\u0644 [&hellip;]<\/p>\n","protected":false},"author":1,"featured_media":0,"parent":0,"menu_order":0,"comment_status":"closed","ping_status":"closed","template":"page-templates\/template-trans.php","meta":[],"yoast_head":"<!-- This site is optimized with the Yoast SEO plugin v18.4.1 - https:\/\/yoast.com\/wordpress\/plugins\/seo\/ -->\n<title>Pan Makine - Shrink Makinesi ve Ambalaj Paketleme Makineleri<\/title>\n<meta name=\"description\" content=\"Otomatik shrink ambalaj makinesi ba\u015fta olmak \u00fczere yar\u0131m otomatik shrink ambalaj makineleri ile sekt\u00f6rlerde tercih edilen bir markad\u0131r.\" \/>\n<meta name=\"robots\" content=\"index, follow, max-snippet:-1, max-image-preview:large, max-video-preview:-1\" \/>\n<link rel=\"canonical\" href=\"https:\/\/panmakine.com.tr\/\" \/>\n<meta property=\"og:locale\" content=\"ar_AR\" \/>\n<meta property=\"og:type\" content=\"article\" \/>\n<meta property=\"og:title\" content=\"Pan Makine - Shrink Makinesi ve Ambalaj Paketleme Makineleri\" \/>\n<meta property=\"og:description\" content=\"Otomatik shrink ambalaj makinesi ba\u015fta olmak \u00fczere yar\u0131m otomatik shrink ambalaj makineleri ile sekt\u00f6rlerde tercih edilen bir markad\u0131r.\" \/>\n<meta property=\"og:url\" content=\"https:\/\/panmakine.com.tr\/\" \/>\n<meta property=\"og:site_name\" content=\"Pan Makine\" \/>\n<meta property=\"article:modified_time\" content=\"2025-09-24T16:11:22+00:00\" \/>\n<meta name=\"twitter:card\" content=\"summary_large_image\" \/>\n<meta name=\"twitter:label1\" content=\"\u0648\u0642\u062a \u0627\u0644\u0642\u0631\u0627\u0621\u0629 \u0627\u0644\u0645\u064f\u0642\u062f\u0651\u0631\" \/>\n\t<meta name=\"twitter:data1\" content=\"\u062f\u0642\u064a\u0642\u062a\u0627\u0646\" \/>\n<script type=\"application\/ld+json\" class=\"yoast-schema-graph\">{\"@context\":\"https:\/\/schema.org\",\"@graph\":[{\"@type\":\"WebSite\",\"@id\":\"https:\/\/panmakine.com.tr\/#website\",\"url\":\"https:\/\/panmakine.com.tr\/\",\"name\":\"Pan Makine\",\"description\":\"Shrink Ambalaj Makineleri ve Paketleme Makineleri\",\"potentialAction\":[{\"@type\":\"SearchAction\",\"target\":{\"@type\":\"EntryPoint\",\"urlTemplate\":\"https:\/\/panmakine.com.tr\/?s={search_term_string}\"},\"query-input\":\"required name=search_term_string\"}],\"inLanguage\":\"ar\"},{\"@type\":\"WebPage\",\"@id\":\"https:\/\/panmakine.com.tr\/#webpage\",\"url\":\"https:\/\/panmakine.com.tr\/\",\"name\":\"Pan Makine - Shrink Makinesi ve Ambalaj Paketleme Makineleri\",\"isPartOf\":{\"@id\":\"https:\/\/panmakine.com.tr\/#website\"},\"datePublished\":\"2017-06-21T03:36:21+00:00\",\"dateModified\":\"2025-09-24T16:11:22+00:00\",\"description\":\"Otomatik shrink ambalaj makinesi ba\u015fta olmak \u00fczere yar\u0131m otomatik shrink ambalaj makineleri ile sekt\u00f6rlerde tercih edilen bir markad\u0131r.\",\"breadcrumb\":{\"@id\":\"https:\/\/panmakine.com.tr\/#breadcrumb\"},\"inLanguage\":\"ar\",\"potentialAction\":[{\"@type\":\"ReadAction\",\"target\":[\"https:\/\/panmakine.com.tr\/\"]}]},{\"@type\":\"BreadcrumbList\",\"@id\":\"https:\/\/panmakine.com.tr\/#breadcrumb\",\"itemListElement\":[{\"@type\":\"ListItem\",\"position\":1,\"name\":\"Anasayfa\",\"item\":\"https:\/\/panmakine.com.tr\/\"},{\"@type\":\"ListItem\",\"position\":2,\"name\":\"Anasayfa\"}]}]}<\/script>\n<!-- \/ Yoast SEO plugin. -->","yoast_head_json":{"title":"Pan Makine - Shrink Makinesi ve Ambalaj Paketleme Makineleri","description":"Otomatik shrink ambalaj makinesi ba\u015fta olmak \u00fczere yar\u0131m otomatik shrink ambalaj makineleri ile sekt\u00f6rlerde tercih edilen bir markad\u0131r.","robots":{"index":"index","follow":"follow","max-snippet":"max-snippet:-1","max-image-preview":"max-image-preview:large","max-video-preview":"max-video-preview:-1"},"canonical":"https:\/\/panmakine.com.tr\/","og_locale":"ar_AR","og_type":"article","og_title":"Pan Makine - Shrink Makinesi ve Ambalaj Paketleme Makineleri","og_description":"Otomatik shrink ambalaj makinesi ba\u015fta olmak \u00fczere yar\u0131m otomatik shrink ambalaj makineleri ile sekt\u00f6rlerde tercih edilen bir markad\u0131r.","og_url":"https:\/\/panmakine.com.tr\/","og_site_name":"Pan Makine","article_modified_time":"2025-09-24T16:11:22+00:00","twitter_card":"summary_large_image","twitter_misc":{"\u0648\u0642\u062a \u0627\u0644\u0642\u0631\u0627\u0621\u0629 \u0627\u0644\u0645\u064f\u0642\u062f\u0651\u0631":"\u062f\u0642\u064a\u0642\u062a\u0627\u0646"},"schema":{"@context":"https:\/\/schema.org","@graph":[{"@type":"WebSite","@id":"https:\/\/panmakine.com.tr\/#website","url":"https:\/\/panmakine.com.tr\/","name":"Pan Makine","description":"Shrink Ambalaj Makineleri ve Paketleme Makineleri","potentialAction":[{"@type":"SearchAction","target":{"@type":"EntryPoint","urlTemplate":"https:\/\/panmakine.com.tr\/?s={search_term_string}"},"query-input":"required name=search_term_string"}],"inLanguage":"ar"},{"@type":"WebPage","@id":"https:\/\/panmakine.com.tr\/#webpage","url":"https:\/\/panmakine.com.tr\/","name":"Pan Makine - Shrink Makinesi ve Ambalaj Paketleme Makineleri","isPartOf":{"@id":"https:\/\/panmakine.com.tr\/#website"},"datePublished":"2017-06-21T03:36:21+00:00","dateModified":"2025-09-24T16:11:22+00:00","description":"Otomatik shrink ambalaj makinesi ba\u015fta olmak \u00fczere yar\u0131m otomatik shrink ambalaj makineleri ile sekt\u00f6rlerde tercih edilen bir markad\u0131r.","breadcrumb":{"@id":"https:\/\/panmakine.com.tr\/#breadcrumb"},"inLanguage":"ar","potentialAction":[{"@type":"ReadAction","target":["https:\/\/panmakine.com.tr\/"]}]},{"@type":"BreadcrumbList","@id":"https:\/\/panmakine.com.tr\/#breadcrumb","itemListElement":[{"@type":"ListItem","position":1,"name":"Anasayfa","item":"https:\/\/panmakine.com.tr\/"},{"@type":"ListItem","position":2,"name":"Anasayfa"}]}]}},"_links":{"self":[{"href":"https:\/\/panmakine.com.tr\/ar\/wp-json\/wp\/v2\/pages\/813"}],"collection":[{"href":"https:\/\/panmakine.com.tr\/ar\/wp-json\/wp\/v2\/pages"}],"about":[{"href":"https:\/\/panmakine.com.tr\/ar\/wp-json\/wp\/v2\/types\/page"}],"author":[{"embeddable":true,"href":"https:\/\/panmakine.com.tr\/ar\/wp-json\/wp\/v2\/users\/1"}],"replies":[{"embeddable":true,"href":"https:\/\/panmakine.com.tr\/ar\/wp-json\/wp\/v2\/comments?post=813"}],"version-history":[{"count":29,"href":"https:\/\/panmakine.com.tr\/ar\/wp-json\/wp\/v2\/pages\/813\/revisions"}],"predecessor-version":[{"id":1594,"href":"https:\/\/panmakine.com.tr\/ar\/wp-json\/wp\/v2\/pages\/813\/revisions\/1594"}],"wp:attachment":[{"href":"https:\/\/panmakine.com.tr\/ar\/wp-json\/wp\/v2\/media?parent=813"}],"curies":[{"name":"wp","href":"https:\/\/api.w.org\/{rel}","templated":true}]}}