{"id":84,"date":"2017-06-09T04:11:57","date_gmt":"2017-06-09T04:11:57","guid":{"rendered":"http:\/\/localhost\/construct\/?page_id=84"},"modified":"2025-10-09T12:44:29","modified_gmt":"2025-10-09T09:44:29","slug":"iletisim","status":"publish","type":"page","link":"https:\/\/panmakine.com.tr\/ar\/tsl\/","title":{"rendered":"\u0627\u062a\u0635\u0644"},"content":{"rendered":"<p>[vc_row css=&#8221;.vc_custom_1496982231607{padding-top: 80px !important;padding-bottom: 50px !important;}&#8221;][vc_column][vc_gmaps link=&#8221;#E-8_JTNDaWZyYW1lJTIwc3JjJTNEJTIyaHR0cHMlM0ElMkYlMkZ3d3cuZ29vZ2xlLmNvbSUyRm1hcHMlMkZlbWJlZCUzRnBiJTNEJTIxMW0xOCUyMTFtMTIlMjExbTMlMjExZDE1MDMuODc3MzQ3NjcyMzY4MiUyMTJkMjguNzk5MjE5MzU4MzE0NzglMjEzZDQxLjA3NDM1NDQxNjgyNzglMjEybTMlMjExZjAlMjEyZjAlMjEzZjAlMjEzbTIlMjExaTEwMjQlMjEyaTc2OCUyMTRmMTMuMSUyMTNtMyUyMTFtMiUyMTFzMHgxNGNhYTU4ZjQxZTRmZGU1JTI1M0EweDJiYjFmMGNlZTU0ODJiYyUyMTJzQmVkcmV0dGluJTI1MjBEYWxhbiUyNTIwQmx2JTI1MjAlMjUyNiUyNTIwQXlrb3NhbiUyNTIwU2FuYXlpJTI1MjBTaXRlc2klMjUyQyUyNTIwMzQxMDAlMjUyMCUyNUM0JTI1QjBraXRlbGxpJTI1MjBPc2IlMjUyRkJhJTI1QzUlMjU5RmFrJTI1QzUlMjU5RmVoaXIlMjUyRiUyNUM0JTI1QjBzdGFuYnVsJTIxNWUwJTIxM20yJTIxMXNlbiUyMTJzdHIlMjE0djE2MDQ1MDMwMDcwNTclMjE1bTIlMjExc2VuJTIxMnN0ciUyMiUyMHdpZHRoJTNEJTIyNjAwJTIyJTIwaGVpZ2h0JTNEJTIyNDUwJTIyJTIwZnJhbWVib3JkZXIlM0QlMjIwJTIyJTIwc3R5bGUlM0QlMjJib3JkZXIlM0EwJTNCJTIyJTIwYWxsb3dmdWxsc2NyZWVuJTNEJTIyJTIyJTIwYXJpYS1oaWRkZW4lM0QlMjJmYWxzZSUyMiUyMHRhYmluZGV4JTNEJTIyMCUyMiUzRSUzQyUyRmlmcmFtZSUzRQ==&#8221; css=&#8221;.vc_custom_1604503024882{margin-bottom: 0px !important;}&#8221;][\/vc_column][\/vc_row][vc_row css=&#8221;.vc_custom_1496982392950{padding-bottom: 80px !important;}&#8221;][vc_column width=&#8221;1\/3&#8243;][vc_custom_heading text=&#8221;\u0645\u0639\u0644\u0648\u0645\u0627\u062a \u0627\u0644\u0627\u062a\u0635\u0627\u0644 \u0627\u0644\u062e\u0627\u0635\u0629 \u0628\u0646\u0627&#8221; font_container=&#8221;tag:h4|text_align:left&#8221; use_theme_fonts=&#8221;yes&#8221; css=&#8221;.vc_custom_1604487228869{margin-bottom: 15px !important;}&#8221;][vc_column_text el_class=&#8221;wprt-information&#8221;]<\/p>\n<ul class=\"style-2\">\n<li class=\"address\"><span class=\"text\">\u0130kitelli OSB Sara\u00e7lar Sanayi Sitesi 5. Blok No:11 Ba\u015fak\u015fehir \/ \u0130stanbul<\/span><\/li>\n<li class=\"phone\"><span class=\"text\"><a href=\"tel:+905326798892\">+90 (532) 679 8892<\/a><\/span><\/li>\n<li class=\"email\"><span class=\"text\"><a href=\"mailto:info@panmakine.com.tr\">info@panmakine.com.tr<\/a><\/span><\/li>\n<\/ul>\n<p>[\/vc_column_text][vc_raw_html]JTNDc3BhbiUyMGNsYXNzJTNEJTIyaWNvbnMlMjIlMjBzdHlsZSUzRCUyMmRpc3BsYXklM0ElMjBmbGV4JTNCJTIwZ2FwJTNBJTIwMTRweCUzQiUyMGFsaWduLWl0ZW1zJTNBJTIwY2VudGVyJTNCJTIyJTNFJTBBJTIwJTIwJTNDYSUyMHRhcmdldCUzRCUyMl9ibGFuayUyMiUyMGhyZWYlM0QlMjJodHRwcyUzQSUyRiUyRnd3dy5pbnN0YWdyYW0uY29tJTJGcGFubWFraW5lJTJGJTIyJTNFJTBBJTIwJTIwJTIwJTIwJTNDc3BhbiUyMGNsYXNzJTNEJTIyZmElMjBmYS1pbnN0YWdyYW0lMjIlMjBhcmlhLWhpZGRlbiUzRCUyMnRydWUlMjIlMjBzdHlsZSUzRCUyMmZvbnQtc2l6ZSUzQTI0cHglM0IlMjBjb2xvciUzQSUyMzAwMCUzQiUyMiUzRSUzQyUyRnNwYW4lM0UlMEElMjAlMjAlM0MlMkZhJTNFJTBBJTIwJTIwJTNDYSUyMHRhcmdldCUzRCUyMl9ibGFuayUyMiUyMGhyZWYlM0QlMjJodHRwcyUzQSUyRiUyRnd3dy5mYWNlYm9vay5jb20lMkZwZW9wbGUlMkZQYW4tTWFraW5lJTJGcGZiaWQwMzdZYnVQeHlLQlZnQXIyYjZwaVRDb3R6R0U4aU55U0JRNFQxV2p2aURZbjhON2VHRzhOTHFaczhaOTl0clN0VWFsJTIyJTNFJTBBJTIwJTIwJTIwJTIwJTNDc3BhbiUyMGNsYXNzJTNEJTIyZmElMjBmYS1mYWNlYm9vay1vZmZpY2lhbCUyMiUyMGFyaWEtaGlkZGVuJTNEJTIydHJ1ZSUyMiUyMHN0eWxlJTNEJTIyZm9udC1zaXplJTNBMjRweCUzQiUyMGNvbG9yJTNBJTIzMDAwJTNCJTIyJTNFJTNDJTJGc3BhbiUzRSUwQSUyMCUyMCUzQyUyRmElM0UlMEElMjAlMjAlM0NhJTIwdGFyZ2V0JTNEJTIyX2JsYW5rJTIyJTIwaHJlZiUzRCUyMmh0dHBzJTNBJTJGJTJGd3d3LnlvdXR1YmUuY29tJTJGJTQwUGFuTWFraW5lJTIyJTNFJTBBJTIwJTIwJTIwJTIwJTNDc3BhbiUyMGNsYXNzJTNEJTIyZmElMjBmYS15b3V0dWJlLXBsYXklMjIlMjBhcmlhLWhpZGRlbiUzRCUyMnRydWUlMjIlMjBzdHlsZSUzRCUyMmZvbnQtc2l6ZSUzQTI0cHglM0IlMjBjb2xvciUzQSUyMzAwMCUzQiUyMiUzRSUzQyUyRnNwYW4lM0UlMEElMjAlMjAlM0MlMkZhJTNFJTBBJTNDJTJGc3BhbiUzRSUwQQ==[\/vc_raw_html][\/vc_column][vc_column width=&#8221;2\/3&#8243;][vc_custom_heading text=&#8221;\u0627\u062a\u0635\u0644 \u0628\u0646\u0627&#8221; font_container=&#8221;tag:h4|text_align:left&#8221; use_theme_fonts=&#8221;yes&#8221; css=&#8221;.vc_custom_1604487237136{margin-bottom: 15px !important;}&#8221;]<div role=\"form\" class=\"wpcf7\" id=\"wpcf7-f77-o3\" lang=\"en-US\" dir=\"ltr\">\n<div class=\"screen-reader-response\"><p role=\"status\" aria-live=\"polite\" aria-atomic=\"true\"><\/p> <ul><\/ul><\/div>\n<form action=\"\/ar\/wp-json\/wp\/v2\/pages\/84#wpcf7-f77-o3\" method=\"post\" class=\"wpcf7-form init\" novalidate=\"novalidate\" data-status=\"init\">\n<div style=\"display: none;\">\n<input type=\"hidden\" name=\"_wpcf7\" value=\"77\" \/>\n<input type=\"hidden\" name=\"_wpcf7_version\" value=\"5.5.6\" \/>\n<input type=\"hidden\" name=\"_wpcf7_locale\" value=\"en_US\" \/>\n<input type=\"hidden\" name=\"_wpcf7_unit_tag\" value=\"wpcf7-f77-o3\" \/>\n<input type=\"hidden\" name=\"_wpcf7_container_post\" value=\"0\" \/>\n<input type=\"hidden\" name=\"_wpcf7_posted_data_hash\" value=\"\" \/>\n<\/div>\n<div class=\"wprt-contact-form-1\">\n\t<span class=\"wpcf7-form-control-wrap name\"><br \/>\n\t\t<span class=\"wpcf7-form-control-wrap your-name\"><input type=\"text\" name=\"your-name\" value=\"\" size=\"40\" class=\"wpcf7-form-control wpcf7-text wpcf7-validates-as-required\" aria-required=\"true\" aria-invalid=\"false\" placeholder=\"\u0627\u0633\u0645 \u0627\u0644\u0644\u0642\u0628( * )\" \/><\/span><br \/>\n\t<\/span><br \/>\n\t<span class=\"wpcf7-form-control-wrap email\"><br \/>\n\t\t<span class=\"wpcf7-form-control-wrap your-email\"><input type=\"email\" name=\"your-email\" value=\"\" size=\"40\" class=\"wpcf7-form-control wpcf7-text wpcf7-email wpcf7-validates-as-required wpcf7-validates-as-email\" aria-required=\"true\" aria-invalid=\"false\" placeholder=\"\u0627\u0644\u0628\u0631\u064a\u062f \u0627\u0644\u0625\u0644\u0643\u062a\u0631\u0648\u0646\u064a ( * )\" \/><\/span><br \/>\n\t<\/span><br \/>\n\t<span class=\"wpcf7-form-control-wrap phone\"><br \/>\n\t\t<span class=\"wpcf7-form-control-wrap your-phone\"><input type=\"tel\" name=\"your-phone\" value=\"\" size=\"40\" class=\"wpcf7-form-control wpcf7-text wpcf7-tel wpcf7-validates-as-tel\" aria-invalid=\"false\" placeholder=\"\u0647\u0627\u062a\u0641\" \/><\/span><br \/>\n\t<\/span><br \/>\n\t<span class=\"wpcf7-form-control-wrap subject\"><br \/>\n\t\t<span class=\"wpcf7-form-control-wrap your-subject\"><input type=\"text\" name=\"your-subject\" value=\"\" size=\"40\" class=\"wpcf7-form-control wpcf7-text wpcf7-validates-as-required\" aria-required=\"true\" aria-invalid=\"false\" placeholder=\"\u0645\u0648\u0636\u0648\u0639( * )\" \/><\/span><br \/>\n\t<\/span><br \/>\n\t<span class=\"wpcf7-form-control-wrap message\"><br \/>\n\t\t<span class=\"wpcf7-form-control-wrap your-message\"><textarea name=\"your-message\" cols=\"40\" rows=\"10\" class=\"wpcf7-form-control wpcf7-textarea wpcf7-validates-as-required\" aria-required=\"true\" aria-invalid=\"false\" placeholder=\"\u0631\u0633\u0627\u0644\u0629...\"><\/textarea><\/span><br \/>\n\t<\/span><\/p>\n<div class=\"wrap-submit\">\n\t\t<input type=\"submit\" value=\"\u0623\u0631\u0633\u0644 \u0631\u0633\u0627\u0644\u0629\" class=\"wpcf7-form-control has-spinner wpcf7-submit\" \/>\n\t<\/div>\n<\/div>\n<div class=\"wpcf7-response-output\" aria-hidden=\"true\"><\/div><\/form><\/div>[\/vc_column][\/vc_row]<\/p>","protected":false},"excerpt":{"rendered":"<p>[vc_row css=&#8221;.vc_custom_1496982231607{padding-top: 80px !important;padding-bottom: 50px !important;}&#8221;][vc_column][vc_gmaps link=&#8221;#E-8_JTNDaWZyYW1lJTIwc3JjJTNEJTIyaHR0cHMlM0ElMkYlMkZ3d3cuZ29vZ2xlLmNvbSUyRm1hcHMlMkZlbWJlZCUzRnBiJTNEJTIxMW0xOCUyMTFtMTIlMjExbTMlMjExZDE1MDMuODc3MzQ3NjcyMzY4MiUyMTJkMjguNzk5MjE5MzU4MzE0NzglMjEzZDQxLjA3NDM1NDQxNjgyNzglMjEybTMlMjExZjAlMjEyZjAlMjEzZjAlMjEzbTIlMjExaTEwMjQlMjEyaTc2OCUyMTRmMTMuMSUyMTNtMyUyMTFtMiUyMTFzMHgxNGNhYTU4ZjQxZTRmZGU1JTI1M0EweDJiYjFmMGNlZTU0ODJiYyUyMTJzQmVkcmV0dGluJTI1MjBEYWxhbiUyNTIwQmx2JTI1MjAlMjUyNiUyNTIwQXlrb3NhbiUyNTIwU2FuYXlpJTI1MjBTaXRlc2klMjUyQyUyNTIwMzQxMDAlMjUyMCUyNUM0JTI1QjBraXRlbGxpJTI1MjBPc2IlMjUyRkJhJTI1QzUlMjU5RmFrJTI1QzUlMjU5RmVoaXIlMjUyRiUyNUM0JTI1QjBzdGFuYnVsJTIxNWUwJTIxM20yJTIxMXNlbiUyMTJzdHIlMjE0djE2MDQ1MDMwMDcwNTclMjE1bTIlMjExc2VuJTIxMnN0ciUyMiUyMHdpZHRoJTNEJTIyNjAwJTIyJTIwaGVpZ2h0JTNEJTIyNDUwJTIyJTIwZnJhbWVib3JkZXIlM0QlMjIwJTIyJTIwc3R5bGUlM0QlMjJib3JkZXIlM0EwJTNCJTIyJTIwYWxsb3dmdWxsc2NyZWVuJTNEJTIyJTIyJTIwYXJpYS1oaWRkZW4lM0QlMjJmYWxzZSUyMiUyMHRhYmluZGV4JTNEJTIyMCUyMiUzRSUzQyUyRmlmcmFtZSUzRQ==&#8221; css=&#8221;.vc_custom_1604503024882{margin-bottom: 0px !important;}&#8221;][\/vc_column][\/vc_row][vc_row css=&#8221;.vc_custom_1496982392950{padding-bottom: 80px !important;}&#8221;][vc_column width=&#8221;1\/3&#8243;][vc_custom_heading text=&#8221;\u0645\u0639\u0644\u0648\u0645\u0627\u062a \u0627\u0644\u0627\u062a\u0635\u0627\u0644 \u0627\u0644\u062e\u0627\u0635\u0629 \u0628\u0646\u0627&#8221; font_container=&#8221;tag:h4|text_align:left&#8221; use_theme_fonts=&#8221;yes&#8221; css=&#8221;.vc_custom_1604487228869{margin-bottom: 15px !important;}&#8221;][vc_column_text el_class=&#8221;wprt-information&#8221;] \u0130kitelli OSB Sara\u00e7lar Sanayi Sitesi 5. Blok No:11 Ba\u015fak\u015fehir \/ \u0130stanbul +90 (532) 679 8892 info@panmakine.com.tr [\/vc_column_text][vc_raw_html]JTNDc3BhbiUyMGNsYXNzJTNEJTIyaWNvbnMlMjIlMjBzdHlsZSUzRCUyMmRpc3BsYXklM0ElMjBmbGV4JTNCJTIwZ2FwJTNBJTIwMTRweCUzQiUyMGFsaWduLWl0ZW1zJTNBJTIwY2VudGVyJTNCJTIyJTNFJTBBJTIwJTIwJTNDYSUyMHRhcmdldCUzRCUyMl9ibGFuayUyMiUyMGhyZWYlM0QlMjJodHRwcyUzQSUyRiUyRnd3dy5pbnN0YWdyYW0uY29tJTJGcGFubWFraW5lJTJGJTIyJTNFJTBBJTIwJTIwJTIwJTIwJTNDc3BhbiUyMGNsYXNzJTNEJTIyZmElMjBmYS1pbnN0YWdyYW0lMjIlMjBhcmlhLWhpZGRlbiUzRCUyMnRydWUlMjIlMjBzdHlsZSUzRCUyMmZvbnQtc2l6ZSUzQTI0cHglM0IlMjBjb2xvciUzQSUyMzAwMCUzQiUyMiUzRSUzQyUyRnNwYW4lM0UlMEElMjAlMjAlM0MlMkZhJTNFJTBBJTIwJTIwJTNDYSUyMHRhcmdldCUzRCUyMl9ibGFuayUyMiUyMGhyZWYlM0QlMjJodHRwcyUzQSUyRiUyRnd3dy5mYWNlYm9vay5jb20lMkZwZW9wbGUlMkZQYW4tTWFraW5lJTJGcGZiaWQwMzdZYnVQeHlLQlZnQXIyYjZwaVRDb3R6R0U4aU55U0JRNFQxV2p2aURZbjhON2VHRzhOTHFaczhaOTl0clN0VWFsJTIyJTNFJTBBJTIwJTIwJTIwJTIwJTNDc3BhbiUyMGNsYXNzJTNEJTIyZmElMjBmYS1mYWNlYm9vay1vZmZpY2lhbCUyMiUyMGFyaWEtaGlkZGVuJTNEJTIydHJ1ZSUyMiUyMHN0eWxlJTNEJTIyZm9udC1zaXplJTNBMjRweCUzQiUyMGNvbG9yJTNBJTIzMDAwJTNCJTIyJTNFJTNDJTJGc3BhbiUzRSUwQSUyMCUyMCUzQyUyRmElM0UlMEElMjAlMjAlM0NhJTIwdGFyZ2V0JTNEJTIyX2JsYW5rJTIyJTIwaHJlZiUzRCUyMmh0dHBzJTNBJTJGJTJGd3d3LnlvdXR1YmUuY29tJTJGJTQwUGFuTWFraW5lJTIyJTNFJTBBJTIwJTIwJTIwJTIwJTNDc3BhbiUyMGNsYXNzJTNEJTIyZmElMjBmYS15b3V0dWJlLXBsYXklMjIlMjBhcmlhLWhpZGRlbiUzRCUyMnRydWUlMjIlMjBzdHlsZSUzRCUyMmZvbnQtc2l6ZSUzQTI0cHglM0IlMjBjb2xvciUzQSUyMzAwMCUzQiUyMiUzRSUzQyUyRnNwYW4lM0UlMEElMjAlMjAlM0MlMkZhJTNFJTBBJTNDJTJGc3BhbiUzRSUwQQ==[\/vc_raw_html][\/vc_column][vc_column width=&#8221;2\/3&#8243;][vc_custom_heading text=&#8221;\u0627\u062a\u0635\u0644 \u0628\u0646\u0627&#8221; font_container=&#8221;tag:h4|text_align:left&#8221; use_theme_fonts=&#8221;yes&#8221; css=&#8221;.vc_custom_1604487237136{margin-bottom: 15px !important;}&#8221;][\/vc_column][\/vc_row]<\/p>\n","protected":false},"author":1,"featured_media":0,"parent":0,"menu_order":0,"comment_status":"closed","ping_status":"closed","template":"page-templates\/template-fullwidth.php","meta":[],"yoast_head":"<!-- This site is optimized with the Yoast SEO plugin v18.4.1 - https:\/\/yoast.com\/wordpress\/plugins\/seo\/ -->\n<title>\u0627\u062a\u0635\u0644 - Pan Makine<\/title>\n<meta name=\"robots\" content=\"index, follow, max-snippet:-1, max-image-preview:large, max-video-preview:-1\" \/>\n<link rel=\"canonical\" href=\"https:\/\/panmakine.com.tr\/iletisim\/\" \/>\n<meta property=\"og:locale\" content=\"ar_AR\" \/>\n<meta property=\"og:type\" content=\"article\" \/>\n<meta property=\"og:title\" content=\"[:tr]\u0130leti\u015fim[:en]Contact[:ar]\u0627\u062a\u0635\u0644[:] - Pan Makine\" \/>\n<meta property=\"og:description\" content=\"[vc_row css=&#8221;.vc_custom_1496982231607{padding-top: 80px !important;padding-bottom: 50px !important;}&#8221;][vc_column][vc_gmaps link=&#8221;#E-8_JTNDaWZyYW1lJTIwc3JjJTNEJTIyaHR0cHMlM0ElMkYlMkZ3d3cuZ29vZ2xlLmNvbSUyRm1hcHMlMkZlbWJlZCUzRnBiJTNEJTIxMW0xOCUyMTFtMTIlMjExbTMlMjExZDE1MDMuODc3MzQ3NjcyMzY4MiUyMTJkMjguNzk5MjE5MzU4MzE0NzglMjEzZDQxLjA3NDM1NDQxNjgyNzglMjEybTMlMjExZjAlMjEyZjAlMjEzZjAlMjEzbTIlMjExaTEwMjQlMjEyaTc2OCUyMTRmMTMuMSUyMTNtMyUyMTFtMiUyMTFzMHgxNGNhYTU4ZjQxZTRmZGU1JTI1M0EweDJiYjFmMGNlZTU0ODJiYyUyMTJzQmVkcmV0dGluJTI1MjBEYWxhbiUyNTIwQmx2JTI1MjAlMjUyNiUyNTIwQXlrb3NhbiUyNTIwU2FuYXlpJTI1MjBTaXRlc2klMjUyQyUyNTIwMzQxMDAlMjUyMCUyNUM0JTI1QjBraXRlbGxpJTI1MjBPc2IlMjUyRkJhJTI1QzUlMjU5RmFrJTI1QzUlMjU5RmVoaXIlMjUyRiUyNUM0JTI1QjBzdGFuYnVsJTIxNWUwJTIxM20yJTIxMXNlbiUyMTJzdHIlMjE0djE2MDQ1MDMwMDcwNTclMjE1bTIlMjExc2VuJTIxMnN0ciUyMiUyMHdpZHRoJTNEJTIyNjAwJTIyJTIwaGVpZ2h0JTNEJTIyNDUwJTIyJTIwZnJhbWVib3JkZXIlM0QlMjIwJTIyJTIwc3R5bGUlM0QlMjJib3JkZXIlM0EwJTNCJTIyJTIwYWxsb3dmdWxsc2NyZWVuJTNEJTIyJTIyJTIwYXJpYS1oaWRkZW4lM0QlMjJmYWxzZSUyMiUyMHRhYmluZGV4JTNEJTIyMCUyMiUzRSUzQyUyRmlmcmFtZSUzRQ==&#8221; css=&#8221;.vc_custom_1604503024882{margin-bottom: 0px !important;}&#8221;][\/vc_column][\/vc_row][vc_row css=&#8221;.vc_custom_1496982392950{padding-bottom: 80px !important;}&#8221;][vc_column width=&#8221;1\/3&#8243;][vc_custom_heading text=&#8221;\u0645\u0639\u0644\u0648\u0645\u0627\u062a \u0627\u0644\u0627\u062a\u0635\u0627\u0644 \u0627\u0644\u062e\u0627\u0635\u0629 \u0628\u0646\u0627&#8221; font_container=&#8221;tag:h4|text_align:left&#8221; use_theme_fonts=&#8221;yes&#8221; css=&#8221;.vc_custom_1604487228869{margin-bottom: 15px !important;}&#8221;][vc_column_text el_class=&#8221;wprt-information&#8221;] \u0130kitelli OSB Sara\u00e7lar Sanayi Sitesi 5. Blok No:11 Ba\u015fak\u015fehir \/ \u0130stanbul +90 (532) 679 8892 info@panmakine.com.tr [\/vc_column_text][vc_raw_html]JTNDc3BhbiUyMGNsYXNzJTNEJTIyaWNvbnMlMjIlMjBzdHlsZSUzRCUyMmRpc3BsYXklM0ElMjBmbGV4JTNCJTIwZ2FwJTNBJTIwMTRweCUzQiUyMGFsaWduLWl0ZW1zJTNBJTIwY2VudGVyJTNCJTIyJTNFJTBBJTIwJTIwJTNDYSUyMHRhcmdldCUzRCUyMl9ibGFuayUyMiUyMGhyZWYlM0QlMjJodHRwcyUzQSUyRiUyRnd3dy5pbnN0YWdyYW0uY29tJTJGcGFubWFraW5lJTJGJTIyJTNFJTBBJTIwJTIwJTIwJTIwJTNDc3BhbiUyMGNsYXNzJTNEJTIyZmElMjBmYS1pbnN0YWdyYW0lMjIlMjBhcmlhLWhpZGRlbiUzRCUyMnRydWUlMjIlMjBzdHlsZSUzRCUyMmZvbnQtc2l6ZSUzQTI0cHglM0IlMjBjb2xvciUzQSUyMzAwMCUzQiUyMiUzRSUzQyUyRnNwYW4lM0UlMEElMjAlMjAlM0MlMkZhJTNFJTBBJTIwJTIwJTNDYSUyMHRhcmdldCUzRCUyMl9ibGFuayUyMiUyMGhyZWYlM0QlMjJodHRwcyUzQSUyRiUyRnd3dy5mYWNlYm9vay5jb20lMkZwZW9wbGUlMkZQYW4tTWFraW5lJTJGcGZiaWQwMzdZYnVQeHlLQlZnQXIyYjZwaVRDb3R6R0U4aU55U0JRNFQxV2p2aURZbjhON2VHRzhOTHFaczhaOTl0clN0VWFsJTIyJTNFJTBBJTIwJTIwJTIwJTIwJTNDc3BhbiUyMGNsYXNzJTNEJTIyZmElMjBmYS1mYWNlYm9vay1vZmZpY2lhbCUyMiUyMGFyaWEtaGlkZGVuJTNEJTIydHJ1ZSUyMiUyMHN0eWxlJTNEJTIyZm9udC1zaXplJTNBMjRweCUzQiUyMGNvbG9yJTNBJTIzMDAwJTNCJTIyJTNFJTNDJTJGc3BhbiUzRSUwQSUyMCUyMCUzQyUyRmElM0UlMEElMjAlMjAlM0NhJTIwdGFyZ2V0JTNEJTIyX2JsYW5rJTIyJTIwaHJlZiUzRCUyMmh0dHBzJTNBJTJGJTJGd3d3LnlvdXR1YmUuY29tJTJGJTQwUGFuTWFraW5lJTIyJTNFJTBBJTIwJTIwJTIwJTIwJTNDc3BhbiUyMGNsYXNzJTNEJTIyZmElMjBmYS15b3V0dWJlLXBsYXklMjIlMjBhcmlhLWhpZGRlbiUzRCUyMnRydWUlMjIlMjBzdHlsZSUzRCUyMmZvbnQtc2l6ZSUzQTI0cHglM0IlMjBjb2xvciUzQSUyMzAwMCUzQiUyMiUzRSUzQyUyRnNwYW4lM0UlMEElMjAlMjAlM0MlMkZhJTNFJTBBJTNDJTJGc3BhbiUzRSUwQQ==[\/vc_raw_html][\/vc_column][vc_column width=&#8221;2\/3&#8243;][vc_custom_heading text=&#8221;\u0627\u062a\u0635\u0644 \u0628\u0646\u0627&#8221; font_container=&#8221;tag:h4|text_align:left&#8221; use_theme_fonts=&#8221;yes&#8221; css=&#8221;.vc_custom_1604487237136{margin-bottom: 15px !important;}&#8221;][\/vc_column][\/vc_row]\" \/>\n<meta property=\"og:url\" content=\"https:\/\/panmakine.com.tr\/iletisim\/\" \/>\n<meta property=\"og:site_name\" content=\"Pan Makine\" \/>\n<meta property=\"article:modified_time\" content=\"2025-10-09T09:44:29+00:00\" \/>\n<meta name=\"twitter:card\" content=\"summary_large_image\" \/>\n<meta name=\"twitter:label1\" content=\"\u0648\u0642\u062a \u0627\u0644\u0642\u0631\u0627\u0621\u0629 \u0627\u0644\u0645\u064f\u0642\u062f\u0651\u0631\" \/>\n\t<meta name=\"twitter:data1\" content=\"\u062f\u0642\u064a\u0642\u0629 \u0648\u0627\u062d\u062f\u0629\" \/>\n<script type=\"application\/ld+json\" class=\"yoast-schema-graph\">{\"@context\":\"https:\/\/schema.org\",\"@graph\":[{\"@type\":\"WebSite\",\"@id\":\"https:\/\/panmakine.com.tr\/#website\",\"url\":\"https:\/\/panmakine.com.tr\/\",\"name\":\"Pan Makine\",\"description\":\"Shrink Ambalaj Makineleri ve Paketleme Makineleri\",\"potentialAction\":[{\"@type\":\"SearchAction\",\"target\":{\"@type\":\"EntryPoint\",\"urlTemplate\":\"https:\/\/panmakine.com.tr\/?s={search_term_string}\"},\"query-input\":\"required name=search_term_string\"}],\"inLanguage\":\"ar\"},{\"@type\":\"WebPage\",\"@id\":\"https:\/\/panmakine.com.tr\/iletisim\/#webpage\",\"url\":\"https:\/\/panmakine.com.tr\/iletisim\/\",\"name\":\"[:tr]\u0130leti\u015fim[:en]Contact[:ar]\u0627\u062a\u0635\u0644[:] - Pan Makine\",\"isPartOf\":{\"@id\":\"https:\/\/panmakine.com.tr\/#website\"},\"datePublished\":\"2017-06-09T04:11:57+00:00\",\"dateModified\":\"2025-10-09T09:44:29+00:00\",\"breadcrumb\":{\"@id\":\"https:\/\/panmakine.com.tr\/iletisim\/#breadcrumb\"},\"inLanguage\":\"ar\",\"potentialAction\":[{\"@type\":\"ReadAction\",\"target\":[\"https:\/\/panmakine.com.tr\/iletisim\/\"]}]},{\"@type\":\"BreadcrumbList\",\"@id\":\"https:\/\/panmakine.com.tr\/iletisim\/#breadcrumb\",\"itemListElement\":[{\"@type\":\"ListItem\",\"position\":1,\"name\":\"Anasayfa\",\"item\":\"https:\/\/panmakine.com.tr\/\"},{\"@type\":\"ListItem\",\"position\":2,\"name\":\"\u0130leti\u015fim\"}]}]}<\/script>\n<!-- \/ Yoast SEO plugin. -->","yoast_head_json":{"title":"[:tr]\u0130leti\u015fim[:en]Contact[:ar]\u0627\u062a\u0635\u0644[:] - Pan Makine","robots":{"index":"index","follow":"follow","max-snippet":"max-snippet:-1","max-image-preview":"max-image-preview:large","max-video-preview":"max-video-preview:-1"},"canonical":"https:\/\/panmakine.com.tr\/iletisim\/","og_locale":"ar_AR","og_type":"article","og_title":"[:tr]\u0130leti\u015fim[:en]Contact[:ar]\u0627\u062a\u0635\u0644[:] - Pan Makine","og_description":"[vc_row css=&#8221;.vc_custom_1496982231607{padding-top: 80px !important;padding-bottom: 50px !important;}&#8221;][vc_column][vc_gmaps link=&#8221;#E-8_JTNDaWZyYW1lJTIwc3JjJTNEJTIyaHR0cHMlM0ElMkYlMkZ3d3cuZ29vZ2xlLmNvbSUyRm1hcHMlMkZlbWJlZCUzRnBiJTNEJTIxMW0xOCUyMTFtMTIlMjExbTMlMjExZDE1MDMuODc3MzQ3NjcyMzY4MiUyMTJkMjguNzk5MjE5MzU4MzE0NzglMjEzZDQxLjA3NDM1NDQxNjgyNzglMjEybTMlMjExZjAlMjEyZjAlMjEzZjAlMjEzbTIlMjExaTEwMjQlMjEyaTc2OCUyMTRmMTMuMSUyMTNtMyUyMTFtMiUyMTFzMHgxNGNhYTU4ZjQxZTRmZGU1JTI1M0EweDJiYjFmMGNlZTU0ODJiYyUyMTJzQmVkcmV0dGluJTI1MjBEYWxhbiUyNTIwQmx2JTI1MjAlMjUyNiUyNTIwQXlrb3NhbiUyNTIwU2FuYXlpJTI1MjBTaXRlc2klMjUyQyUyNTIwMzQxMDAlMjUyMCUyNUM0JTI1QjBraXRlbGxpJTI1MjBPc2IlMjUyRkJhJTI1QzUlMjU5RmFrJTI1QzUlMjU5RmVoaXIlMjUyRiUyNUM0JTI1QjBzdGFuYnVsJTIxNWUwJTIxM20yJTIxMXNlbiUyMTJzdHIlMjE0djE2MDQ1MDMwMDcwNTclMjE1bTIlMjExc2VuJTIxMnN0ciUyMiUyMHdpZHRoJTNEJTIyNjAwJTIyJTIwaGVpZ2h0JTNEJTIyNDUwJTIyJTIwZnJhbWVib3JkZXIlM0QlMjIwJTIyJTIwc3R5bGUlM0QlMjJib3JkZXIlM0EwJTNCJTIyJTIwYWxsb3dmdWxsc2NyZWVuJTNEJTIyJTIyJTIwYXJpYS1oaWRkZW4lM0QlMjJmYWxzZSUyMiUyMHRhYmluZGV4JTNEJTIyMCUyMiUzRSUzQyUyRmlmcmFtZSUzRQ==&#8221; css=&#8221;.vc_custom_1604503024882{margin-bottom: 0px !important;}&#8221;][\/vc_column][\/vc_row][vc_row css=&#8221;.vc_custom_1496982392950{padding-bottom: 80px !important;}&#8221;][vc_column width=&#8221;1\/3&#8243;][vc_custom_heading text=&#8221;\u0645\u0639\u0644\u0648\u0645\u0627\u062a \u0627\u0644\u0627\u062a\u0635\u0627\u0644 \u0627\u0644\u062e\u0627\u0635\u0629 \u0628\u0646\u0627&#8221; font_container=&#8221;tag:h4|text_align:left&#8221; use_theme_fonts=&#8221;yes&#8221; css=&#8221;.vc_custom_1604487228869{margin-bottom: 15px !important;}&#8221;][vc_column_text el_class=&#8221;wprt-information&#8221;] \u0130kitelli OSB Sara\u00e7lar Sanayi Sitesi 5. Blok No:11 Ba\u015fak\u015fehir \/ \u0130stanbul +90 (532) 679 8892 info@panmakine.com.tr [\/vc_column_text][vc_raw_html]JTNDc3BhbiUyMGNsYXNzJTNEJTIyaWNvbnMlMjIlMjBzdHlsZSUzRCUyMmRpc3BsYXklM0ElMjBmbGV4JTNCJTIwZ2FwJTNBJTIwMTRweCUzQiUyMGFsaWduLWl0ZW1zJTNBJTIwY2VudGVyJTNCJTIyJTNFJTBBJTIwJTIwJTNDYSUyMHRhcmdldCUzRCUyMl9ibGFuayUyMiUyMGhyZWYlM0QlMjJodHRwcyUzQSUyRiUyRnd3dy5pbnN0YWdyYW0uY29tJTJGcGFubWFraW5lJTJGJTIyJTNFJTBBJTIwJTIwJTIwJTIwJTNDc3BhbiUyMGNsYXNzJTNEJTIyZmElMjBmYS1pbnN0YWdyYW0lMjIlMjBhcmlhLWhpZGRlbiUzRCUyMnRydWUlMjIlMjBzdHlsZSUzRCUyMmZvbnQtc2l6ZSUzQTI0cHglM0IlMjBjb2xvciUzQSUyMzAwMCUzQiUyMiUzRSUzQyUyRnNwYW4lM0UlMEElMjAlMjAlM0MlMkZhJTNFJTBBJTIwJTIwJTNDYSUyMHRhcmdldCUzRCUyMl9ibGFuayUyMiUyMGhyZWYlM0QlMjJodHRwcyUzQSUyRiUyRnd3dy5mYWNlYm9vay5jb20lMkZwZW9wbGUlMkZQYW4tTWFraW5lJTJGcGZiaWQwMzdZYnVQeHlLQlZnQXIyYjZwaVRDb3R6R0U4aU55U0JRNFQxV2p2aURZbjhON2VHRzhOTHFaczhaOTl0clN0VWFsJTIyJTNFJTBBJTIwJTIwJTIwJTIwJTNDc3BhbiUyMGNsYXNzJTNEJTIyZmElMjBmYS1mYWNlYm9vay1vZmZpY2lhbCUyMiUyMGFyaWEtaGlkZGVuJTNEJTIydHJ1ZSUyMiUyMHN0eWxlJTNEJTIyZm9udC1zaXplJTNBMjRweCUzQiUyMGNvbG9yJTNBJTIzMDAwJTNCJTIyJTNFJTNDJTJGc3BhbiUzRSUwQSUyMCUyMCUzQyUyRmElM0UlMEElMjAlMjAlM0NhJTIwdGFyZ2V0JTNEJTIyX2JsYW5rJTIyJTIwaHJlZiUzRCUyMmh0dHBzJTNBJTJGJTJGd3d3LnlvdXR1YmUuY29tJTJGJTQwUGFuTWFraW5lJTIyJTNFJTBBJTIwJTIwJTIwJTIwJTNDc3BhbiUyMGNsYXNzJTNEJTIyZmElMjBmYS15b3V0dWJlLXBsYXklMjIlMjBhcmlhLWhpZGRlbiUzRCUyMnRydWUlMjIlMjBzdHlsZSUzRCUyMmZvbnQtc2l6ZSUzQTI0cHglM0IlMjBjb2xvciUzQSUyMzAwMCUzQiUyMiUzRSUzQyUyRnNwYW4lM0UlMEElMjAlMjAlM0MlMkZhJTNFJTBBJTNDJTJGc3BhbiUzRSUwQQ==[\/vc_raw_html][\/vc_column][vc_column width=&#8221;2\/3&#8243;][vc_custom_heading text=&#8221;\u0627\u062a\u0635\u0644 \u0628\u0646\u0627&#8221; font_container=&#8221;tag:h4|text_align:left&#8221; use_theme_fonts=&#8221;yes&#8221; css=&#8221;.vc_custom_1604487237136{margin-bottom: 15px !important;}&#8221;][\/vc_column][\/vc_row]","og_url":"https:\/\/panmakine.com.tr\/iletisim\/","og_site_name":"Pan Makine","article_modified_time":"2025-10-09T09:44:29+00:00","twitter_card":"summary_large_image","twitter_misc":{"\u0648\u0642\u062a \u0627\u0644\u0642\u0631\u0627\u0621\u0629 \u0627\u0644\u0645\u064f\u0642\u062f\u0651\u0631":"\u062f\u0642\u064a\u0642\u0629 \u0648\u0627\u062d\u062f\u0629"},"schema":{"@context":"https:\/\/schema.org","@graph":[{"@type":"WebSite","@id":"https:\/\/panmakine.com.tr\/#website","url":"https:\/\/panmakine.com.tr\/","name":"Pan Makine","description":"Shrink Ambalaj Makineleri ve Paketleme Makineleri","potentialAction":[{"@type":"SearchAction","target":{"@type":"EntryPoint","urlTemplate":"https:\/\/panmakine.com.tr\/?s={search_term_string}"},"query-input":"required name=search_term_string"}],"inLanguage":"ar"},{"@type":"WebPage","@id":"https:\/\/panmakine.com.tr\/iletisim\/#webpage","url":"https:\/\/panmakine.com.tr\/iletisim\/","name":"[:tr]\u0130leti\u015fim[:en]Contact[:ar]\u0627\u062a\u0635\u0644[:] - Pan Makine","isPartOf":{"@id":"https:\/\/panmakine.com.tr\/#website"},"datePublished":"2017-06-09T04:11:57+00:00","dateModified":"2025-10-09T09:44:29+00:00","breadcrumb":{"@id":"https:\/\/panmakine.com.tr\/iletisim\/#breadcrumb"},"inLanguage":"ar","potentialAction":[{"@type":"ReadAction","target":["https:\/\/panmakine.com.tr\/iletisim\/"]}]},{"@type":"BreadcrumbList","@id":"https:\/\/panmakine.com.tr\/iletisim\/#breadcrumb","itemListElement":[{"@type":"ListItem","position":1,"name":"Anasayfa","item":"https:\/\/panmakine.com.tr\/"},{"@type":"ListItem","position":2,"name":"\u0130leti\u015fim"}]}]}},"_links":{"self":[{"href":"https:\/\/panmakine.com.tr\/ar\/wp-json\/wp\/v2\/pages\/84"}],"collection":[{"href":"https:\/\/panmakine.com.tr\/ar\/wp-json\/wp\/v2\/pages"}],"about":[{"href":"https:\/\/panmakine.com.tr\/ar\/wp-json\/wp\/v2\/types\/page"}],"author":[{"embeddable":true,"href":"https:\/\/panmakine.com.tr\/ar\/wp-json\/wp\/v2\/users\/1"}],"replies":[{"embeddable":true,"href":"https:\/\/panmakine.com.tr\/ar\/wp-json\/wp\/v2\/comments?post=84"}],"version-history":[{"count":15,"href":"https:\/\/panmakine.com.tr\/ar\/wp-json\/wp\/v2\/pages\/84\/revisions"}],"predecessor-version":[{"id":1614,"href":"https:\/\/panmakine.com.tr\/ar\/wp-json\/wp\/v2\/pages\/84\/revisions\/1614"}],"wp:attachment":[{"href":"https:\/\/panmakine.com.tr\/ar\/wp-json\/wp\/v2\/media?parent=84"}],"curies":[{"name":"wp","href":"https:\/\/api.w.org\/{rel}","templated":true}]}}